{"id":15,"date":"2021-11-21T15:14:41","date_gmt":"2021-11-21T15:14:41","guid":{"rendered":"https:\/\/augiscorretora.com.br\/index.php\/services\/"},"modified":"2022-12-26T14:50:07","modified_gmt":"2022-12-26T17:50:07","slug":"services","status":"publish","type":"page","link":"https:\/\/augiscorretora.com.br\/?page_id=15","title":{"rendered":"Produtos"},"content":{"rendered":"\t\t<div data-elementor-type=\"wp-page\" data-elementor-id=\"15\" class=\"elementor elementor-15\">\n\t\t\t\t\t\t<section class=\"elementor-section elementor-top-section elementor-element elementor-element-313a1ba elementor-reverse-mobile elementor-section-boxed elementor-section-height-default elementor-section-height-default\" data-id=\"313a1ba\" data-element_type=\"section\">\n\t\t\t\t\t\t<div class=\"elementor-container elementor-column-gap-default\">\n\t\t\t\t\t<div class=\"elementor-column elementor-col-50 elementor-top-column elementor-element elementor-element-ddff12f\" data-id=\"ddff12f\" data-element_type=\"column\">\n\t\t\t<div class=\"elementor-widget-wrap elementor-element-populated\">\n\t\t\t\t\t\t<div class=\"elementor-element elementor-element-4f3b33b elementor-widget elementor-widget-heading\" data-id=\"4f3b33b\" data-element_type=\"widget\" data-widget_type=\"heading.default\">\n\t\t\t\t<div class=\"elementor-widget-container\">\n\t\t\t<style>\/*! elementor - v3.22.0 - 26-06-2024 *\/\n.elementor-heading-title{padding:0;margin:0;line-height:1}.elementor-widget-heading .elementor-heading-title[class*=elementor-size-]>a{color:inherit;font-size:inherit;line-height:inherit}.elementor-widget-heading .elementor-heading-title.elementor-size-small{font-size:15px}.elementor-widget-heading .elementor-heading-title.elementor-size-medium{font-size:19px}.elementor-widget-heading .elementor-heading-title.elementor-size-large{font-size:29px}.elementor-widget-heading .elementor-heading-title.elementor-size-xl{font-size:39px}.elementor-widget-heading .elementor-heading-title.elementor-size-xxl{font-size:59px}<\/style><h3 class=\"elementor-heading-title elementor-size-default\">BLINDAGEM PROFISSIONAL<\/h3>\t\t<\/div>\n\t\t\t\t<\/div>\n\t\t\t\t<div class=\"elementor-element elementor-element-bbd6665 elementor-widget elementor-widget-text-editor\" data-id=\"bbd6665\" data-element_type=\"widget\" data-widget_type=\"text-editor.default\">\n\t\t\t\t<div class=\"elementor-widget-container\">\n\t\t\t<style>\/*! elementor - v3.22.0 - 26-06-2024 *\/\n.elementor-widget-text-editor.elementor-drop-cap-view-stacked .elementor-drop-cap{background-color:#69727d;color:#fff}.elementor-widget-text-editor.elementor-drop-cap-view-framed .elementor-drop-cap{color:#69727d;border:3px solid;background-color:transparent}.elementor-widget-text-editor:not(.elementor-drop-cap-view-default) .elementor-drop-cap{margin-top:8px}.elementor-widget-text-editor:not(.elementor-drop-cap-view-default) .elementor-drop-cap-letter{width:1em;height:1em}.elementor-widget-text-editor .elementor-drop-cap{float:left;text-align:center;line-height:1;font-size:50px}.elementor-widget-text-editor .elementor-drop-cap-letter{display:inline-block}<\/style>\t\t\t\t<p>Voc\u00ea se protege dos riscos da sua <strong>Profiss\u00e3o?<\/strong><\/p><p>Fa\u00e7a parte da maior rede de Blindagem Jur\u00eddica profissional do Brasil, atrav\u00e9s do nosso produto<strong> ANADEM<\/strong>.<\/p>\t\t\t\t\t\t<\/div>\n\t\t\t\t<\/div>\n\t\t\t\t<div class=\"elementor-element elementor-element-78e18e8 elementor-widget elementor-widget-text-editor\" data-id=\"78e18e8\" data-element_type=\"widget\" data-widget_type=\"text-editor.default\">\n\t\t\t\t<div class=\"elementor-widget-container\">\n\t\t\t\t\t\t\t<p>SEGURO RESPONSABILIDADE CIVIL PROFISSIONAL<\/p>\t\t\t\t\t\t<\/div>\n\t\t\t\t<\/div>\n\t\t\t\t<div class=\"elementor-element elementor-element-edb0795 elementor-widget elementor-widget-text-editor\" data-id=\"edb0795\" data-element_type=\"widget\" data-widget_type=\"text-editor.default\">\n\t\t\t\t<div class=\"elementor-widget-container\">\n\t\t\t\t\t\t\t<p>Conhe\u00e7a tamb\u00e9m as nossas op\u00e7\u00f5es em <strong>SEGUROS de RESPONSABILIDADE CIVIL PROFISSIONAL para M\u00c9DICOS, DENTISTAS, BIOM\u00c9DICAS(OS) ENFERMEIROS<\/strong> e demais profiss\u00f5es na \u00e1rea da sa\u00fade.<\/p>\t\t\t\t\t\t<\/div>\n\t\t\t\t<\/div>\n\t\t\t\t\t<\/div>\n\t\t<\/div>\n\t\t\t\t<div class=\"elementor-column elementor-col-50 elementor-top-column elementor-element elementor-element-ef420e9\" data-id=\"ef420e9\" data-element_type=\"column\">\n\t\t\t<div class=\"elementor-widget-wrap elementor-element-populated\">\n\t\t\t\t\t\t<div class=\"elementor-element elementor-element-4a6a352 elementor-widget elementor-widget-image\" data-id=\"4a6a352\" data-element_type=\"widget\" data-widget_type=\"image.default\">\n\t\t\t\t<div class=\"elementor-widget-container\">\n\t\t\t<style>\/*! elementor - v3.22.0 - 26-06-2024 *\/\n.elementor-widget-image{text-align:center}.elementor-widget-image a{display:inline-block}.elementor-widget-image a img[src$=\".svg\"]{width:48px}.elementor-widget-image img{vertical-align:middle;display:inline-block}<\/style>\t\t\t\t\t\t\t\t\t\t<img fetchpriority=\"high\" decoding=\"async\" width=\"800\" height=\"800\" src=\"https:\/\/augiscorretora.com.br\/wp-content\/uploads\/2022\/11\/SEGURO-RESPONSABILIDADE-CIVIL-PROFISSIONAL-7-1024x1024.png\" class=\"attachment-large size-large wp-image-1992\" alt=\"\" srcset=\"https:\/\/augiscorretora.com.br\/wp-content\/uploads\/2022\/11\/SEGURO-RESPONSABILIDADE-CIVIL-PROFISSIONAL-7-1024x1024.png 1024w, https:\/\/augiscorretora.com.br\/wp-content\/uploads\/2022\/11\/SEGURO-RESPONSABILIDADE-CIVIL-PROFISSIONAL-7-300x300.png 300w, https:\/\/augiscorretora.com.br\/wp-content\/uploads\/2022\/11\/SEGURO-RESPONSABILIDADE-CIVIL-PROFISSIONAL-7-150x150.png 150w, https:\/\/augiscorretora.com.br\/wp-content\/uploads\/2022\/11\/SEGURO-RESPONSABILIDADE-CIVIL-PROFISSIONAL-7-768x768.png 768w, https:\/\/augiscorretora.com.br\/wp-content\/uploads\/2022\/11\/SEGURO-RESPONSABILIDADE-CIVIL-PROFISSIONAL-7.png 1080w\" sizes=\"(max-width: 800px) 100vw, 800px\" \/>\t\t\t\t\t\t\t\t\t\t\t\t\t<\/div>\n\t\t\t\t<\/div>\n\t\t\t\t\t<\/div>\n\t\t<\/div>\n\t\t\t\t\t<\/div>\n\t\t<\/section>\n\t\t\t\t<section class=\"elementor-section elementor-top-section elementor-element elementor-element-8157e71 elementor-section-boxed elementor-section-height-default elementor-section-height-default\" data-id=\"8157e71\" data-element_type=\"section\">\n\t\t\t\t\t\t<div class=\"elementor-container elementor-column-gap-default\">\n\t\t\t\t\t<div class=\"elementor-column elementor-col-50 elementor-top-column elementor-element elementor-element-400a51f\" data-id=\"400a51f\" data-element_type=\"column\">\n\t\t\t<div class=\"elementor-widget-wrap elementor-element-populated\">\n\t\t\t\t\t\t<div class=\"elementor-element elementor-element-8d1da40 elementor-widget elementor-widget-image\" data-id=\"8d1da40\" data-element_type=\"widget\" data-widget_type=\"image.default\">\n\t\t\t\t<div class=\"elementor-widget-container\">\n\t\t\t\t\t\t\t\t\t\t\t\t\t<img decoding=\"async\" width=\"800\" height=\"800\" src=\"https:\/\/augiscorretora.com.br\/wp-content\/uploads\/2022\/11\/Copia-de-Mensagem-em-Branco-e-Azul-de-Boa-Noite-para-WhatsApp-15-1024x1024.png\" class=\"attachment-large size-large wp-image-2018\" alt=\"\" srcset=\"https:\/\/augiscorretora.com.br\/wp-content\/uploads\/2022\/11\/Copia-de-Mensagem-em-Branco-e-Azul-de-Boa-Noite-para-WhatsApp-15-1024x1024.png 1024w, https:\/\/augiscorretora.com.br\/wp-content\/uploads\/2022\/11\/Copia-de-Mensagem-em-Branco-e-Azul-de-Boa-Noite-para-WhatsApp-15-300x300.png 300w, https:\/\/augiscorretora.com.br\/wp-content\/uploads\/2022\/11\/Copia-de-Mensagem-em-Branco-e-Azul-de-Boa-Noite-para-WhatsApp-15-150x150.png 150w, https:\/\/augiscorretora.com.br\/wp-content\/uploads\/2022\/11\/Copia-de-Mensagem-em-Branco-e-Azul-de-Boa-Noite-para-WhatsApp-15-768x768.png 768w, https:\/\/augiscorretora.com.br\/wp-content\/uploads\/2022\/11\/Copia-de-Mensagem-em-Branco-e-Azul-de-Boa-Noite-para-WhatsApp-15.png 1080w\" sizes=\"(max-width: 800px) 100vw, 800px\" \/>\t\t\t\t\t\t\t\t\t\t\t\t\t<\/div>\n\t\t\t\t<\/div>\n\t\t\t\t\t<\/div>\n\t\t<\/div>\n\t\t\t\t<div class=\"elementor-column elementor-col-50 elementor-top-column elementor-element elementor-element-cc5adf3\" data-id=\"cc5adf3\" data-element_type=\"column\">\n\t\t\t<div class=\"elementor-widget-wrap elementor-element-populated\">\n\t\t\t\t\t\t<div class=\"elementor-element elementor-element-7237ed6 elementor-widget elementor-widget-heading\" data-id=\"7237ed6\" data-element_type=\"widget\" data-widget_type=\"heading.default\">\n\t\t\t\t<div class=\"elementor-widget-container\">\n\t\t\t<h2 class=\"elementor-heading-title elementor-size-default\">SEGURO DE RENDA\/DIT - DI\u00c1RIA POR INCAPACIDADE TEMPOR\u00c1RIA<\/h2>\t\t<\/div>\n\t\t\t\t<\/div>\n\t\t\t\t<div class=\"elementor-element elementor-element-925831b elementor-widget elementor-widget-heading\" data-id=\"925831b\" data-element_type=\"widget\" data-widget_type=\"heading.default\">\n\t\t\t\t<div class=\"elementor-widget-container\">\n\t\t\t<h3 class=\"elementor-heading-title elementor-size-default\">Graphic Design<\/h3>\t\t<\/div>\n\t\t\t\t<\/div>\n\t\t\t\t<div class=\"elementor-element elementor-element-77be2a5 elementor-widget elementor-widget-text-editor\" data-id=\"77be2a5\" data-element_type=\"widget\" data-widget_type=\"text-editor.default\">\n\t\t\t\t<div class=\"elementor-widget-container\">\n\t\t\t\t\t\t\t<p>J\u00e1 imaginou receber um atestado m\u00e9dico por <strong>acidente ou doen\u00e7a<\/strong>, e ter que ficar longe do trabalho e ter sua renda comprometida?<\/p><p>Com a cobertura<strong> DIT\/ SERIT<\/strong> voc\u00ea garante a sua renda mensal em casos de invalidez tempor\u00e1ria.<\/p>\t\t\t\t\t\t<\/div>\n\t\t\t\t<\/div>\n\t\t\t\t\t<\/div>\n\t\t<\/div>\n\t\t\t\t\t<\/div>\n\t\t<\/section>\n\t\t\t\t<section class=\"elementor-section elementor-top-section elementor-element elementor-element-a8f7aed elementor-reverse-mobile elementor-section-boxed elementor-section-height-default elementor-section-height-default\" data-id=\"a8f7aed\" data-element_type=\"section\">\n\t\t\t\t\t\t<div class=\"elementor-container elementor-column-gap-default\">\n\t\t\t\t\t<div class=\"elementor-column elementor-col-50 elementor-top-column elementor-element elementor-element-f1f2bc2\" data-id=\"f1f2bc2\" data-element_type=\"column\">\n\t\t\t<div class=\"elementor-widget-wrap elementor-element-populated\">\n\t\t\t\t\t\t<div class=\"elementor-element elementor-element-34a10af elementor-widget elementor-widget-heading\" data-id=\"34a10af\" data-element_type=\"widget\" data-widget_type=\"heading.default\">\n\t\t\t\t<div class=\"elementor-widget-container\">\n\t\t\t<h3 class=\"elementor-heading-title elementor-size-default\">Seguro Patrimonial<\/h3>\t\t<\/div>\n\t\t\t\t<\/div>\n\t\t\t\t<div class=\"elementor-element elementor-element-dc0f3cb elementor-widget elementor-widget-text-editor\" data-id=\"dc0f3cb\" data-element_type=\"widget\" data-widget_type=\"text-editor.default\">\n\t\t\t\t<div class=\"elementor-widget-container\">\n\t\t\t\t\t\t\t<p>Proteja a<strong> sua casa, sua cl\u00ednica o autom\u00f3vel<\/strong> e tamb\u00e9m outros patrim\u00f4nios para que imprevistos n\u00e3o atrapalhem o seu planejamento financeiro.<\/p>\t\t\t\t\t\t<\/div>\n\t\t\t\t<\/div>\n\t\t\t\t\t<\/div>\n\t\t<\/div>\n\t\t\t\t<div class=\"elementor-column elementor-col-50 elementor-top-column elementor-element elementor-element-02bda06\" data-id=\"02bda06\" data-element_type=\"column\">\n\t\t\t<div class=\"elementor-widget-wrap elementor-element-populated\">\n\t\t\t\t\t\t<div class=\"elementor-element elementor-element-087cd5c elementor-widget elementor-widget-image\" data-id=\"087cd5c\" data-element_type=\"widget\" data-widget_type=\"image.default\">\n\t\t\t\t<div class=\"elementor-widget-container\">\n\t\t\t\t\t\t\t\t\t\t\t\t\t<img decoding=\"async\" width=\"800\" height=\"800\" src=\"https:\/\/augiscorretora.com.br\/wp-content\/uploads\/2022\/11\/Conte-com-a-Augis.-O-seguro-de-automovel-ideal-para-voce-3-1024x1024.png\" class=\"attachment-large size-large wp-image-2032\" alt=\"\" srcset=\"https:\/\/augiscorretora.com.br\/wp-content\/uploads\/2022\/11\/Conte-com-a-Augis.-O-seguro-de-automovel-ideal-para-voce-3-1024x1024.png 1024w, https:\/\/augiscorretora.com.br\/wp-content\/uploads\/2022\/11\/Conte-com-a-Augis.-O-seguro-de-automovel-ideal-para-voce-3-300x300.png 300w, https:\/\/augiscorretora.com.br\/wp-content\/uploads\/2022\/11\/Conte-com-a-Augis.-O-seguro-de-automovel-ideal-para-voce-3-150x150.png 150w, https:\/\/augiscorretora.com.br\/wp-content\/uploads\/2022\/11\/Conte-com-a-Augis.-O-seguro-de-automovel-ideal-para-voce-3-768x768.png 768w, https:\/\/augiscorretora.com.br\/wp-content\/uploads\/2022\/11\/Conte-com-a-Augis.-O-seguro-de-automovel-ideal-para-voce-3.png 1080w\" sizes=\"(max-width: 800px) 100vw, 800px\" \/>\t\t\t\t\t\t\t\t\t\t\t\t\t<\/div>\n\t\t\t\t<\/div>\n\t\t\t\t\t<\/div>\n\t\t<\/div>\n\t\t\t\t\t<\/div>\n\t\t<\/section>\n\t\t\t\t<\/div>\n\t\t","protected":false},"excerpt":{"rendered":"<p>BLINDAGEM PROFISSIONAL Voc\u00ea se protege dos riscos da sua Profiss\u00e3o? Fa\u00e7a parte da maior rede de Blindagem Jur\u00eddica profissional do Brasil, atrav\u00e9s do nosso produto ANADEM. SEGURO RESPONSABILIDADE CIVIL PROFISSIONAL Conhe\u00e7a tamb\u00e9m as nossas op\u00e7\u00f5es em SEGUROS de RESPONSABILIDADE CIVIL PROFISSIONAL para M\u00c9DICOS, DENTISTAS, BIOM\u00c9DICAS(OS) ENFERMEIROS e demais profiss\u00f5es na \u00e1rea da sa\u00fade. SEGURO DE [&hellip;]<\/p>\n","protected":false},"author":1,"featured_media":0,"parent":0,"menu_order":0,"comment_status":"closed","ping_status":"closed","template":"","meta":{"footnotes":""},"class_list":["post-15","page","type-page","status-publish","hentry"],"_links":{"self":[{"href":"https:\/\/augiscorretora.com.br\/index.php?rest_route=\/wp\/v2\/pages\/15","targetHints":{"allow":["GET"]}}],"collection":[{"href":"https:\/\/augiscorretora.com.br\/index.php?rest_route=\/wp\/v2\/pages"}],"about":[{"href":"https:\/\/augiscorretora.com.br\/index.php?rest_route=\/wp\/v2\/types\/page"}],"author":[{"embeddable":true,"href":"https:\/\/augiscorretora.com.br\/index.php?rest_route=\/wp\/v2\/users\/1"}],"replies":[{"embeddable":true,"href":"https:\/\/augiscorretora.com.br\/index.php?rest_route=%2Fwp%2Fv2%2Fcomments&post=15"}],"version-history":[{"count":57,"href":"https:\/\/augiscorretora.com.br\/index.php?rest_route=\/wp\/v2\/pages\/15\/revisions"}],"predecessor-version":[{"id":2488,"href":"https:\/\/augiscorretora.com.br\/index.php?rest_route=\/wp\/v2\/pages\/15\/revisions\/2488"}],"wp:attachment":[{"href":"https:\/\/augiscorretora.com.br\/index.php?rest_route=%2Fwp%2Fv2%2Fmedia&parent=15"}],"curies":[{"name":"wp","href":"https:\/\/api.w.org\/{rel}","templated":true}]}}