{"id":1448,"date":"2022-08-25T13:27:00","date_gmt":"2022-08-25T13:27:00","guid":{"rendered":"https:\/\/augiscorretora.com.br\/index.php\/home\/"},"modified":"2023-01-20T10:09:51","modified_gmt":"2023-01-20T13:09:51","slug":"home","status":"publish","type":"page","link":"https:\/\/augiscorretora.com.br\/","title":{"rendered":"HOME"},"content":{"rendered":"\t\t<div data-elementor-type=\"wp-page\" data-elementor-id=\"1448\" class=\"elementor elementor-1448\">\n\t\t\t\t\t\t<section class=\"elementor-section elementor-top-section elementor-element elementor-element-0a002a8 elementor-section-height-min-height elementor-section-items-top elementor-section-boxed elementor-section-height-default\" data-id=\"0a002a8\" data-element_type=\"section\" data-settings=\"{&quot;background_background&quot;:&quot;classic&quot;}\">\n\t\t\t\t\t\t\t<div class=\"elementor-background-overlay\"><\/div>\n\t\t\t\t\t\t\t<div class=\"elementor-container elementor-column-gap-default\">\n\t\t\t\t\t<div class=\"elementor-column elementor-col-100 elementor-top-column elementor-element elementor-element-8d46742\" data-id=\"8d46742\" data-element_type=\"column\">\n\t\t\t<div class=\"elementor-widget-wrap elementor-element-populated\">\n\t\t\t\t\t\t<div class=\"elementor-element elementor-element-7f78f17 elementor-widget__width-inherit elementor-widget elementor-widget-text-editor\" data-id=\"7f78f17\" data-element_type=\"widget\" data-widget_type=\"text-editor.default\">\n\t\t\t\t<div class=\"elementor-widget-container\">\n\t\t\t<style>\/*! elementor - v3.22.0 - 26-06-2024 *\/\n.elementor-widget-text-editor.elementor-drop-cap-view-stacked .elementor-drop-cap{background-color:#69727d;color:#fff}.elementor-widget-text-editor.elementor-drop-cap-view-framed .elementor-drop-cap{color:#69727d;border:3px solid;background-color:transparent}.elementor-widget-text-editor:not(.elementor-drop-cap-view-default) .elementor-drop-cap{margin-top:8px}.elementor-widget-text-editor:not(.elementor-drop-cap-view-default) .elementor-drop-cap-letter{width:1em;height:1em}.elementor-widget-text-editor .elementor-drop-cap{float:left;text-align:center;line-height:1;font-size:50px}.elementor-widget-text-editor .elementor-drop-cap-letter{display:inline-block}<\/style>\t\t\t\t<p>A AUGIS \u00e9 uma corretora de seguros especializada em <strong>gest\u00e3o de risco<\/strong> para os profissionais da <strong>SA\u00daDE<\/strong> a exemplo de<strong> m\u00e9dicos, enfermeiros, dentistas, biom\u00e9dicos e farmac\u00eauticos.<\/strong><\/p>\t\t\t\t\t\t<\/div>\n\t\t\t\t<\/div>\n\t\t\t\t<div class=\"elementor-element elementor-element-be5b40b elementor-widget elementor-widget-image\" data-id=\"be5b40b\" data-element_type=\"widget\" data-widget_type=\"image.default\">\n\t\t\t\t<div class=\"elementor-widget-container\">\n\t\t\t<style>\/*! elementor - v3.22.0 - 26-06-2024 *\/\n.elementor-widget-image{text-align:center}.elementor-widget-image a{display:inline-block}.elementor-widget-image a img[src$=\".svg\"]{width:48px}.elementor-widget-image img{vertical-align:middle;display:inline-block}<\/style>\t\t\t\t\t\t\t\t\t\t<img fetchpriority=\"high\" decoding=\"async\" width=\"800\" height=\"800\" src=\"https:\/\/augiscorretora.com.br\/wp-content\/uploads\/2022\/12\/Fundo-preto-e-branco-aspas-Citar-Curto-1-1024x1024.png\" class=\"attachment-large size-large wp-image-2290\" alt=\"\" srcset=\"https:\/\/augiscorretora.com.br\/wp-content\/uploads\/2022\/12\/Fundo-preto-e-branco-aspas-Citar-Curto-1-1024x1024.png 1024w, https:\/\/augiscorretora.com.br\/wp-content\/uploads\/2022\/12\/Fundo-preto-e-branco-aspas-Citar-Curto-1-300x300.png 300w, https:\/\/augiscorretora.com.br\/wp-content\/uploads\/2022\/12\/Fundo-preto-e-branco-aspas-Citar-Curto-1-150x150.png 150w, https:\/\/augiscorretora.com.br\/wp-content\/uploads\/2022\/12\/Fundo-preto-e-branco-aspas-Citar-Curto-1-768x768.png 768w, https:\/\/augiscorretora.com.br\/wp-content\/uploads\/2022\/12\/Fundo-preto-e-branco-aspas-Citar-Curto-1.png 1080w\" sizes=\"(max-width: 800px) 100vw, 800px\" \/>\t\t\t\t\t\t\t\t\t\t\t\t\t<\/div>\n\t\t\t\t<\/div>\n\t\t\t\t<div class=\"elementor-element elementor-element-f955b34 elementor-widget-mobile__width-initial elementor-drop-cap-yes elementor-drop-cap-view-default elementor-widget elementor-widget-text-editor\" data-id=\"f955b34\" data-element_type=\"widget\" data-settings=\"{&quot;drop_cap&quot;:&quot;yes&quot;}\" data-widget_type=\"text-editor.default\">\n\t\t\t\t<div class=\"elementor-widget-container\">\n\t\t\t\t\t\t\t<p><strong>NOSSO OBJETIVO<\/strong><\/p>\n<p>Oferecer um seguro que atenda suas necessidades, caiba no seu bolso e seja&nbsp;descomplicado&nbsp;e&nbsp;transparente.<\/p>\t\t\t\t\t\t<\/div>\n\t\t\t\t<\/div>\n\t\t\t\t\t<\/div>\n\t\t<\/div>\n\t\t\t\t\t<\/div>\n\t\t<\/section>\n\t\t\t\t<section class=\"elementor-section elementor-top-section elementor-element elementor-element-aff6ae1 elementor-section-boxed elementor-section-height-default elementor-section-height-default\" data-id=\"aff6ae1\" data-element_type=\"section\">\n\t\t\t\t\t\t<div class=\"elementor-container elementor-column-gap-wide\">\n\t\t\t\t\t<div class=\"elementor-column elementor-col-33 elementor-top-column elementor-element elementor-element-f8352c5\" data-id=\"f8352c5\" data-element_type=\"column\">\n\t\t\t<div class=\"elementor-widget-wrap elementor-element-populated\">\n\t\t\t\t\t\t<div class=\"elementor-element elementor-element-4589c78 elementor-widget elementor-widget-text-editor\" data-id=\"4589c78\" data-element_type=\"widget\" data-widget_type=\"text-editor.default\">\n\t\t\t\t<div class=\"elementor-widget-container\">\n\t\t\t\t\t\t\t<p>ANADEM &#8211; BLINDAGEM JURIDICA PARA M\u00c9DICOS E DENTISTAS<\/p>\t\t\t\t\t\t<\/div>\n\t\t\t\t<\/div>\n\t\t\t\t<div class=\"elementor-element elementor-element-00d516a elementor-widget elementor-widget-image\" data-id=\"00d516a\" data-element_type=\"widget\" data-widget_type=\"image.default\">\n\t\t\t\t<div class=\"elementor-widget-container\">\n\t\t\t\t\t\t\t\t\t\t\t\t\t<img decoding=\"async\" width=\"1080\" height=\"1080\" src=\"https:\/\/augiscorretora.com.br\/wp-content\/uploads\/2022\/11\/SEGURO-RESPONSABILIDADE-CIVIL-PROFISSIONAL-7.png\" class=\"attachment-full size-full wp-image-1992\" alt=\"\" srcset=\"https:\/\/augiscorretora.com.br\/wp-content\/uploads\/2022\/11\/SEGURO-RESPONSABILIDADE-CIVIL-PROFISSIONAL-7.png 1080w, https:\/\/augiscorretora.com.br\/wp-content\/uploads\/2022\/11\/SEGURO-RESPONSABILIDADE-CIVIL-PROFISSIONAL-7-300x300.png 300w, https:\/\/augiscorretora.com.br\/wp-content\/uploads\/2022\/11\/SEGURO-RESPONSABILIDADE-CIVIL-PROFISSIONAL-7-1024x1024.png 1024w, https:\/\/augiscorretora.com.br\/wp-content\/uploads\/2022\/11\/SEGURO-RESPONSABILIDADE-CIVIL-PROFISSIONAL-7-150x150.png 150w, https:\/\/augiscorretora.com.br\/wp-content\/uploads\/2022\/11\/SEGURO-RESPONSABILIDADE-CIVIL-PROFISSIONAL-7-768x768.png 768w\" sizes=\"(max-width: 1080px) 100vw, 1080px\" \/>\t\t\t\t\t\t\t\t\t\t\t\t\t<\/div>\n\t\t\t\t<\/div>\n\t\t\t\t<div class=\"elementor-element elementor-element-c7a361c elementor-widget elementor-widget-text-editor\" data-id=\"c7a361c\" data-element_type=\"widget\" data-widget_type=\"text-editor.default\">\n\t\t\t\t<div class=\"elementor-widget-container\">\n\t\t\t\t\t\t\t<p>Voc\u00ea se protege dos riscos da sua <strong>Profiss\u00e3o?<\/strong><\/p><p>Fa\u00e7a parte da maior rede de Blindagem Jur\u00eddica profissional do Brasil, atrav\u00e9s do nosso produto<strong> ANADEM<\/strong>.<\/p>\t\t\t\t\t\t<\/div>\n\t\t\t\t<\/div>\n\t\t\t\t\t<\/div>\n\t\t<\/div>\n\t\t\t\t<div class=\"elementor-column elementor-col-33 elementor-top-column elementor-element elementor-element-9fec389\" data-id=\"9fec389\" data-element_type=\"column\">\n\t\t\t<div class=\"elementor-widget-wrap elementor-element-populated\">\n\t\t\t\t\t\t<div class=\"elementor-element elementor-element-d691e18 elementor-widget elementor-widget-text-editor\" data-id=\"d691e18\" data-element_type=\"widget\" data-widget_type=\"text-editor.default\">\n\t\t\t\t<div class=\"elementor-widget-container\">\n\t\t\t\t\t\t\t<p>SEGURO DE RENDA\/DIT &#8211; DI\u00c1RIA POR INCAPACIDADE TEMPOR\u00c1RIA<\/p>\t\t\t\t\t\t<\/div>\n\t\t\t\t<\/div>\n\t\t\t\t<div class=\"elementor-element elementor-element-53ab989 elementor-widget elementor-widget-image\" data-id=\"53ab989\" data-element_type=\"widget\" data-widget_type=\"image.default\">\n\t\t\t\t<div class=\"elementor-widget-container\">\n\t\t\t\t\t\t\t\t\t\t\t\t\t<img decoding=\"async\" width=\"1080\" height=\"1080\" src=\"https:\/\/augiscorretora.com.br\/wp-content\/uploads\/2022\/11\/Copia-de-Mensagem-em-Branco-e-Azul-de-Boa-Noite-para-WhatsApp-15.png\" class=\"attachment-full size-full wp-image-2018\" alt=\"\" srcset=\"https:\/\/augiscorretora.com.br\/wp-content\/uploads\/2022\/11\/Copia-de-Mensagem-em-Branco-e-Azul-de-Boa-Noite-para-WhatsApp-15.png 1080w, https:\/\/augiscorretora.com.br\/wp-content\/uploads\/2022\/11\/Copia-de-Mensagem-em-Branco-e-Azul-de-Boa-Noite-para-WhatsApp-15-300x300.png 300w, https:\/\/augiscorretora.com.br\/wp-content\/uploads\/2022\/11\/Copia-de-Mensagem-em-Branco-e-Azul-de-Boa-Noite-para-WhatsApp-15-1024x1024.png 1024w, https:\/\/augiscorretora.com.br\/wp-content\/uploads\/2022\/11\/Copia-de-Mensagem-em-Branco-e-Azul-de-Boa-Noite-para-WhatsApp-15-150x150.png 150w, https:\/\/augiscorretora.com.br\/wp-content\/uploads\/2022\/11\/Copia-de-Mensagem-em-Branco-e-Azul-de-Boa-Noite-para-WhatsApp-15-768x768.png 768w\" sizes=\"(max-width: 1080px) 100vw, 1080px\" \/>\t\t\t\t\t\t\t\t\t\t\t\t\t<\/div>\n\t\t\t\t<\/div>\n\t\t\t\t<div class=\"elementor-element elementor-element-56b96ba elementor-widget elementor-widget-text-editor\" data-id=\"56b96ba\" data-element_type=\"widget\" data-widget_type=\"text-editor.default\">\n\t\t\t\t<div class=\"elementor-widget-container\">\n\t\t\t\t\t\t\t<p>J\u00e1 imaginou receber um atestado m\u00e9dico por <strong>acidente ou doen\u00e7a<\/strong>, e ter que ficar longe do trabalho e ter sua renda comprometida?<\/p><p>Com a cobertura<strong> DIT\/ SERIT<\/strong> voc\u00ea garante a sua renda mensal em casos de invalidez tempor\u00e1ria.<\/p>\t\t\t\t\t\t<\/div>\n\t\t\t\t<\/div>\n\t\t\t\t\t<\/div>\n\t\t<\/div>\n\t\t\t\t<div class=\"elementor-column elementor-col-33 elementor-top-column elementor-element elementor-element-a4b2aab\" data-id=\"a4b2aab\" data-element_type=\"column\">\n\t\t\t<div class=\"elementor-widget-wrap elementor-element-populated\">\n\t\t\t\t\t\t<div class=\"elementor-element elementor-element-923a3f2 elementor-widget elementor-widget-text-editor\" data-id=\"923a3f2\" data-element_type=\"widget\" data-widget_type=\"text-editor.default\">\n\t\t\t\t<div class=\"elementor-widget-container\">\n\t\t\t\t\t\t\t<p>SEGURO PATRIMONIAL<\/p>\t\t\t\t\t\t<\/div>\n\t\t\t\t<\/div>\n\t\t\t\t<div class=\"elementor-element elementor-element-83d3bf2 elementor-widget elementor-widget-image\" data-id=\"83d3bf2\" data-element_type=\"widget\" data-widget_type=\"image.default\">\n\t\t\t\t<div class=\"elementor-widget-container\">\n\t\t\t\t\t\t\t\t\t\t\t\t\t<img loading=\"lazy\" decoding=\"async\" width=\"1080\" height=\"1080\" src=\"https:\/\/augiscorretora.com.br\/wp-content\/uploads\/2022\/11\/Conte-com-a-Augis.-O-seguro-de-automovel-ideal-para-voce-3.png\" class=\"attachment-full size-full wp-image-2032\" alt=\"\" srcset=\"https:\/\/augiscorretora.com.br\/wp-content\/uploads\/2022\/11\/Conte-com-a-Augis.-O-seguro-de-automovel-ideal-para-voce-3.png 1080w, https:\/\/augiscorretora.com.br\/wp-content\/uploads\/2022\/11\/Conte-com-a-Augis.-O-seguro-de-automovel-ideal-para-voce-3-300x300.png 300w, https:\/\/augiscorretora.com.br\/wp-content\/uploads\/2022\/11\/Conte-com-a-Augis.-O-seguro-de-automovel-ideal-para-voce-3-1024x1024.png 1024w, https:\/\/augiscorretora.com.br\/wp-content\/uploads\/2022\/11\/Conte-com-a-Augis.-O-seguro-de-automovel-ideal-para-voce-3-150x150.png 150w, https:\/\/augiscorretora.com.br\/wp-content\/uploads\/2022\/11\/Conte-com-a-Augis.-O-seguro-de-automovel-ideal-para-voce-3-768x768.png 768w\" sizes=\"(max-width: 1080px) 100vw, 1080px\" \/>\t\t\t\t\t\t\t\t\t\t\t\t\t<\/div>\n\t\t\t\t<\/div>\n\t\t\t\t<div class=\"elementor-element elementor-element-57c96fa elementor-widget elementor-widget-text-editor\" data-id=\"57c96fa\" data-element_type=\"widget\" data-widget_type=\"text-editor.default\">\n\t\t\t\t<div class=\"elementor-widget-container\">\n\t\t\t\t\t\t\t<p>Proteja a<strong> sua casa, sua cl\u00ednica o autom\u00f3vel<\/strong> e tamb\u00e9m outros patrim\u00f4nios para que imprevistos n\u00e3o atrapalhem o seu planejamento financeiro.<\/p>\t\t\t\t\t\t<\/div>\n\t\t\t\t<\/div>\n\t\t\t\t\t<\/div>\n\t\t<\/div>\n\t\t\t\t\t<\/div>\n\t\t<\/section>\n\t\t<div class=\"elementor-element elementor-element-d5df857 e-flex e-con-boxed e-con e-parent\" data-id=\"d5df857\" data-element_type=\"container\">\n\t\t\t\t\t<div class=\"e-con-inner\">\n\t\t\t\t<div class=\"elementor-element elementor-element-f90a09f elementor-widget elementor-widget-image\" data-id=\"f90a09f\" data-element_type=\"widget\" data-widget_type=\"image.default\">\n\t\t\t\t<div class=\"elementor-widget-container\">\n\t\t\t\t\t\t\t\t\t\t\t\t\t<img loading=\"lazy\" decoding=\"async\" width=\"800\" height=\"450\" src=\"https:\/\/augiscorretora.com.br\/wp-content\/uploads\/2022\/11\/PRODUTOS-QUE-OFERECEMOS-DE-FORMA-PERSONALIZADA-PARA-VOCE.-2-1024x576.png\" class=\"attachment-large size-large wp-image-2178\" alt=\"\" srcset=\"https:\/\/augiscorretora.com.br\/wp-content\/uploads\/2022\/11\/PRODUTOS-QUE-OFERECEMOS-DE-FORMA-PERSONALIZADA-PARA-VOCE.-2-1024x576.png 1024w, https:\/\/augiscorretora.com.br\/wp-content\/uploads\/2022\/11\/PRODUTOS-QUE-OFERECEMOS-DE-FORMA-PERSONALIZADA-PARA-VOCE.-2-300x169.png 300w, https:\/\/augiscorretora.com.br\/wp-content\/uploads\/2022\/11\/PRODUTOS-QUE-OFERECEMOS-DE-FORMA-PERSONALIZADA-PARA-VOCE.-2-768x432.png 768w, https:\/\/augiscorretora.com.br\/wp-content\/uploads\/2022\/11\/PRODUTOS-QUE-OFERECEMOS-DE-FORMA-PERSONALIZADA-PARA-VOCE.-2.png 1366w\" sizes=\"(max-width: 800px) 100vw, 800px\" \/>\t\t\t\t\t\t\t\t\t\t\t\t\t<\/div>\n\t\t\t\t<\/div>\n\t\t\t\t\t<\/div>\n\t\t\t\t<\/div>\n\t\t\t\t<section class=\"elementor-section elementor-top-section elementor-element elementor-element-6e2f681 elementor-section-boxed elementor-section-height-default elementor-section-height-default\" data-id=\"6e2f681\" data-element_type=\"section\">\n\t\t\t\t\t\t<div class=\"elementor-container elementor-column-gap-wide\">\n\t\t\t\t\t<div class=\"elementor-column elementor-col-50 elementor-top-column elementor-element elementor-element-e8c6ac4\" data-id=\"e8c6ac4\" data-element_type=\"column\">\n\t\t\t<div class=\"elementor-widget-wrap elementor-element-populated\">\n\t\t\t\t\t\t<div class=\"elementor-element elementor-element-dfec25a elementor-widget elementor-widget-heading\" data-id=\"dfec25a\" data-element_type=\"widget\" data-widget_type=\"heading.default\">\n\t\t\t\t<div class=\"elementor-widget-container\">\n\t\t\t<style>\/*! elementor - v3.22.0 - 26-06-2024 *\/\n.elementor-heading-title{padding:0;margin:0;line-height:1}.elementor-widget-heading .elementor-heading-title[class*=elementor-size-]>a{color:inherit;font-size:inherit;line-height:inherit}.elementor-widget-heading .elementor-heading-title.elementor-size-small{font-size:15px}.elementor-widget-heading .elementor-heading-title.elementor-size-medium{font-size:19px}.elementor-widget-heading .elementor-heading-title.elementor-size-large{font-size:29px}.elementor-widget-heading .elementor-heading-title.elementor-size-xl{font-size:39px}.elementor-widget-heading .elementor-heading-title.elementor-size-xxl{font-size:59px}<\/style><h2 class=\"elementor-heading-title elementor-size-default\">nOSSA HIST\u00d3RIA<\/h2>\t\t<\/div>\n\t\t\t\t<\/div>\n\t\t\t\t<div class=\"elementor-element elementor-element-fed296f elementor-widget elementor-widget-text-editor\" data-id=\"fed296f\" data-element_type=\"widget\" data-widget_type=\"text-editor.default\">\n\t\t\t\t<div class=\"elementor-widget-container\">\n\t\t\t\t\t\t\t<div dir=\"auto\">O trabalho com profissionais da sa\u00fade se iniciou em 2003 com o s\u00f3cio diretor Lincoln Ribeiro, que ainda nesse per\u00edodo, comercializava materiais e equipamentos odontol\u00f3gicos.<\/div><div dir=\"auto\">Prestava atendimento a centenas de profissionais em seus consult\u00f3rios e tamb\u00e9m em cursos de P\u00f3s-gradua\u00e7\u00e3o no Paran\u00e1, nas cidades de Curitiba e Maring\u00e1.<\/div><div dir=\"auto\">No ano de 2018 incentivado por um amigo do mercado de seguros, e percebendo a necessidade dos profissionais de sa\u00fade trabalharem assegurados, decidiu atuar no setor e abrir a sua pr\u00f3pria corretora especializada no atendimento a estes profissionais.<\/div><div dir=\"auto\">Decidido ent\u00e3o, iniciou o processo de forma\u00e7\u00e3o e obteve a habilita\u00e7\u00e3o da <strong>SUSEP<\/strong> <strong>(Superintend\u00eancia de Seguros Privados),<\/strong> certificado necess\u00e1rio para exercer a profiss\u00e3o de corretor de seguros.<\/div><div dir=\"auto\">Fundada em 2019 a AUGIS CORRETORA DE SEGUROS vem prestando um trabalho personalizado \u00e0 profissionais da sa\u00fade com foco em Seguro de Responsabilidade Civil Profissional (RC Profissional), seguro de Renda por afastamento Tempor\u00e1rio (DIT\/SERIT) e tamb\u00e9m Seguro de Vida e Patrimoniais.<\/div>\t\t\t\t\t\t<\/div>\n\t\t\t\t<\/div>\n\t\t\t\t\t<\/div>\n\t\t<\/div>\n\t\t\t\t<div class=\"elementor-column elementor-col-50 elementor-top-column elementor-element elementor-element-2851bf7\" data-id=\"2851bf7\" data-element_type=\"column\">\n\t\t\t<div class=\"elementor-widget-wrap elementor-element-populated\">\n\t\t\t\t\t\t<div class=\"elementor-element elementor-element-4c81733 elementor-widget elementor-widget-image\" data-id=\"4c81733\" data-element_type=\"widget\" data-widget_type=\"image.default\">\n\t\t\t\t<div class=\"elementor-widget-container\">\n\t\t\t\t\t\t\t\t\t\t\t\t\t<img loading=\"lazy\" decoding=\"async\" width=\"800\" height=\"800\" src=\"https:\/\/augiscorretora.com.br\/wp-content\/uploads\/2022\/11\/Design-sem-nome-29-1024x1024.png\" class=\"attachment-large size-large wp-image-2184\" alt=\"\" srcset=\"https:\/\/augiscorretora.com.br\/wp-content\/uploads\/2022\/11\/Design-sem-nome-29-1024x1024.png 1024w, https:\/\/augiscorretora.com.br\/wp-content\/uploads\/2022\/11\/Design-sem-nome-29-300x300.png 300w, https:\/\/augiscorretora.com.br\/wp-content\/uploads\/2022\/11\/Design-sem-nome-29-150x150.png 150w, https:\/\/augiscorretora.com.br\/wp-content\/uploads\/2022\/11\/Design-sem-nome-29-768x768.png 768w, https:\/\/augiscorretora.com.br\/wp-content\/uploads\/2022\/11\/Design-sem-nome-29.png 1080w\" sizes=\"(max-width: 800px) 100vw, 800px\" \/>\t\t\t\t\t\t\t\t\t\t\t\t\t<\/div>\n\t\t\t\t<\/div>\n\t\t\t\t<div class=\"elementor-element elementor-element-3f875de elementor-vertical-align-top elementor-widget elementor-widget-icon-box\" data-id=\"3f875de\" data-element_type=\"widget\" data-widget_type=\"icon-box.default\">\n\t\t\t\t<div class=\"elementor-widget-container\">\n\t\t\t<link rel=\"stylesheet\" href=\"https:\/\/augiscorretora.com.br\/wp-content\/plugins\/elementor\/assets\/css\/widget-icon-box.min.css\">\t\t<div class=\"elementor-icon-box-wrapper\">\n\n\t\t\t\n\t\t\t\t\t\t<div class=\"elementor-icon-box-content\">\n\n\t\t\t\t\t\t\t\t\t<h3 class=\"elementor-icon-box-title\">\n\t\t\t\t\t\t<span  >\n\t\t\t\t\t\t\tENDERE\u00c7O\t\t\t\t\t\t<\/span>\n\t\t\t\t\t<\/h3>\n\t\t\t\t\n\t\t\t\t\t\t\t\t\t<p class=\"elementor-icon-box-description\">\n\t\t\t\t\t\tMARING\u00c1 - PR  <br>  CEP: 87030-050\t\t\t\t\t<\/p>\n\t\t\t\t\n\t\t\t<\/div>\n\t\t\t\n\t\t<\/div>\n\t\t\t\t<\/div>\n\t\t\t\t<\/div>\n\t\t\t\t\t<\/div>\n\t\t<\/div>\n\t\t\t\t\t<\/div>\n\t\t<\/section>\n\t\t\t\t<section class=\"elementor-section elementor-top-section elementor-element elementor-element-be8b1b9 elementor-section-content-middle elementor-section-boxed elementor-section-height-default elementor-section-height-default\" data-id=\"be8b1b9\" data-element_type=\"section\" data-settings=\"{&quot;background_background&quot;:&quot;classic&quot;}\">\n\t\t\t\t\t\t<div class=\"elementor-container elementor-column-gap-default\">\n\t\t\t\t\t<div class=\"elementor-column elementor-col-100 elementor-top-column elementor-element elementor-element-a45eb33\" data-id=\"a45eb33\" data-element_type=\"column\">\n\t\t\t<div class=\"elementor-widget-wrap\">\n\t\t\t\t\t\t\t<\/div>\n\t\t<\/div>\n\t\t\t\t\t<\/div>\n\t\t<\/section>\n\t\t\t\t<\/div>\n\t\t","protected":false},"excerpt":{"rendered":"<p>A AUGIS \u00e9 uma corretora de seguros especializada em gest\u00e3o de risco para os profissionais da SA\u00daDE a exemplo de m\u00e9dicos, enfermeiros, dentistas, biom\u00e9dicos e farmac\u00eauticos. NOSSO OBJETIVO Oferecer um seguro que atenda suas necessidades, caiba no seu bolso e seja&nbsp;descomplicado&nbsp;e&nbsp;transparente. ANADEM &#8211; BLINDAGEM JURIDICA PARA M\u00c9DICOS E DENTISTAS Voc\u00ea se protege dos riscos da [&hellip;]<\/p>\n","protected":false},"author":1,"featured_media":0,"parent":0,"menu_order":0,"comment_status":"closed","ping_status":"closed","template":"elementor_header_footer","meta":{"footnotes":""},"class_list":["post-1448","page","type-page","status-publish","hentry"],"_links":{"self":[{"href":"https:\/\/augiscorretora.com.br\/index.php?rest_route=\/wp\/v2\/pages\/1448","targetHints":{"allow":["GET"]}}],"collection":[{"href":"https:\/\/augiscorretora.com.br\/index.php?rest_route=\/wp\/v2\/pages"}],"about":[{"href":"https:\/\/augiscorretora.com.br\/index.php?rest_route=\/wp\/v2\/types\/page"}],"author":[{"embeddable":true,"href":"https:\/\/augiscorretora.com.br\/index.php?rest_route=\/wp\/v2\/users\/1"}],"replies":[{"embeddable":true,"href":"https:\/\/augiscorretora.com.br\/index.php?rest_route=%2Fwp%2Fv2%2Fcomments&post=1448"}],"version-history":[{"count":168,"href":"https:\/\/augiscorretora.com.br\/index.php?rest_route=\/wp\/v2\/pages\/1448\/revisions"}],"predecessor-version":[{"id":2512,"href":"https:\/\/augiscorretora.com.br\/index.php?rest_route=\/wp\/v2\/pages\/1448\/revisions\/2512"}],"wp:attachment":[{"href":"https:\/\/augiscorretora.com.br\/index.php?rest_route=%2Fwp%2Fv2%2Fmedia&parent=1448"}],"curies":[{"name":"wp","href":"https:\/\/api.w.org\/{rel}","templated":true}]}}